{"id":85,"date":"2023-08-02T07:05:29","date_gmt":"2023-08-02T07:05:29","guid":{"rendered":"https:\/\/www.elettrospeed.eu\/?page_id=85"},"modified":"2023-09-04T09:47:10","modified_gmt":"2023-09-04T09:47:10","slug":"contatti","status":"publish","type":"page","link":"https:\/\/www.elettrospeed.eu\/de\/contatti","title":{"rendered":"Kontakt"},"content":{"rendered":"<div class=\"fusion-fullwidth fullwidth-box fusion-builder-row-1 fusion-flex-container has-pattern-background has-mask-background nonhundred-percent-fullwidth non-hundred-percent-height-scrolling\" style=\"--awb-border-radius-top-left:0px;--awb-border-radius-top-right:0px;--awb-border-radius-bottom-right:0px;--awb-border-radius-bottom-left:0px;--awb-flex-wrap:wrap;\" ><div class=\"fusion-builder-row fusion-row fusion-flex-align-items-flex-start fusion-flex-content-wrap\" style=\"max-width:1352px;margin-left: calc(-4% \/ 2 );margin-right: calc(-4% \/ 2 );\"><div class=\"fusion-layout-column fusion_builder_column fusion-builder-column-0 fusion_builder_column_1_2 1_2 fusion-flex-column\" style=\"--awb-bg-size:cover;--awb-width-large:50%;--awb-margin-top-large:0px;--awb-spacing-right-large:3.84%;--awb-margin-bottom-large:20px;--awb-spacing-left-large:3.84%;--awb-width-medium:50%;--awb-order-medium:0;--awb-spacing-right-medium:3.84%;--awb-spacing-left-medium:3.84%;--awb-width-small:100%;--awb-order-small:0;--awb-spacing-right-small:1.92%;--awb-spacing-left-small:1.92%;\"><div class=\"fusion-column-wrapper fusion-column-has-shadow fusion-flex-justify-content-flex-start fusion-content-layout-column\"><div class=\"fusion-text fusion-text-1\"><h4 style=\"text-align: center;\">Speed Impianti GmbH<\/h4>\n<p style=\"text-align: center;\">Julius Durst Stra\u00dfe , 44 &#8211; 39042 Brixen (BZ)<\/p>\n<p style=\"text-align: center;\">T. <a href=\"tel:+390472838775\">+39 0472 838775<\/a><\/p>\n<p style=\"text-align: center;\">E-Mail: <a href=\"mailto:elettrospeedimpianti@hotmail.it\">elettrospeedimpianti@hotmail.it<\/a><\/p>\n<\/div><div style=\"--awb-height:500px;--awb-popup-title-color:var(--awb-color8);--awb-popup-content-color:var(--awb-color8);\" class=\"awb-openstreet-map awb-openstreet-map-1\" data-map-style=\"osm-carto\" data-map-type=\"marker\" data-zoom=\"6.0\" data-zoomsnap=\"1.0\" data-zoomcontrol=\"1\" data-scrollwheelzoom=\"1\" data-dragging=\"1\" data-touchzoom=\"1\" data-dbclickzoom=\"1\" data-fitbounds=\"\" data-shape-color=\"rgba(252,211,6,1)\" data-shape-weight=\"3\"><div class=\"awb-openstreet-map-marker awb-openstreet-map-marker-1\" data-latitude=\"46.6954003\" data-longitude=\"11.6451592\" data-icon=\"fa-map-marker-alt fas\" data-action=\"popup\"><div class=\"awb-openstreet-map-marker-icon-wrapper\" style=\"--awb-size:30px;--awb-color:var(--awb-color4);--awb-background-color:rgba(255,255,255,0);--awb-hover-color:var(--awb-color5);--awb-hover-background-color:rgba(255,255,255,0);\"><i class=\"fa-map-marker-alt fas\"><\/i><\/div><div class=\"awb-openstreet-map-content-wrapper\"><h5 class=\"awb-openstreet-map-marker-title\">Speed Impianti GmbH<\/h5><div class=\"awb-openstreet-map-marker-content\">Julius Durst Stra\u00dfe, 44 - 39042 Brixen (BZ)<\/div><\/div><\/div><\/div><\/div><\/div><div class=\"fusion-layout-column fusion_builder_column fusion-builder-column-1 fusion_builder_column_1_2 1_2 fusion-flex-column\" style=\"--awb-bg-size:cover;--awb-width-large:50%;--awb-margin-top-large:0px;--awb-spacing-right-large:3.84%;--awb-margin-bottom-large:20px;--awb-spacing-left-large:3.84%;--awb-width-medium:50%;--awb-order-medium:0;--awb-spacing-right-medium:3.84%;--awb-spacing-left-medium:3.84%;--awb-width-small:100%;--awb-order-small:0;--awb-spacing-right-small:1.92%;--awb-spacing-left-small:1.92%;\"><div class=\"fusion-column-wrapper fusion-column-has-shadow fusion-flex-justify-content-flex-start fusion-content-layout-column\"><div class=\"fusion-text fusion-text-2\"><div class=\"fusion-text fusion-text-3\">\n<p><strong>F\u00fcr Informationen und Angebote f\u00fcllen Sie bitte das untenstehende Kontaktformular aus. Wir werden so schnell wie m\u00f6glich auf Sie zur\u00fcckkommen!<\/strong><\/p>\n<\/div>\n<\/div><div class=\"fusion-text fusion-text-3\"><div id=\"quform-adcb2a\" class=\"quform quform-3 quform-theme-underlined quform-support-page-caching\"><form id=\"quform-form-adcb2a\" class=\"quform-form quform-form-3\" action=\"\/de\/wp-json\/wp\/v2\/pages\/85#quform-adcb2a\" method=\"post\" enctype=\"multipart\/form-data\" novalidate=\"novalidate\" data-options=\"{&quot;id&quot;:3,&quot;uniqueId&quot;:&quot;adcb2a&quot;,&quot;theme&quot;:&quot;underlined&quot;,&quot;ajax&quot;:true,&quot;logic&quot;:{&quot;logic&quot;:[],&quot;dependents&quot;:[],&quot;elementIds&quot;:[],&quot;dependentElementIds&quot;:[],&quot;animate&quot;:true},&quot;currentPageId&quot;:11,&quot;errorsIcon&quot;:&quot;&quot;,&quot;updateFancybox&quot;:true,&quot;hasPages&quot;:false,&quot;pages&quot;:[11],&quot;pageProgressType&quot;:&quot;numbers&quot;,&quot;tooltipsEnabled&quot;:true,&quot;tooltipClasses&quot;:&quot;qtip-plain qtip-shadow&quot;,&quot;tooltipMy&quot;:&quot;left center&quot;,&quot;tooltipAt&quot;:&quot;right center&quot;,&quot;isRtl&quot;:false,&quot;scrollOffset&quot;:-50,&quot;scrollSpeed&quot;:800}\"><button class=\"quform-default-submit\" name=\"quform_submit\" type=\"submit\" value=\"submit\" aria-hidden=\"true\" tabindex=\"-1\"><\/button><div class=\"quform-form-inner quform-form-inner-3\"><input type=\"hidden\" name=\"quform_form_id\" value=\"3\" \/><input type=\"hidden\" name=\"quform_form_uid\" value=\"adcb2a\" \/><input type=\"hidden\" name=\"quform_count\" value=\"1\" \/><input type=\"hidden\" name=\"form_url\" value=\"https:\/\/www.elettrospeed.eu\/de\/wp-json\/wp\/v2\/pages\/85\" \/><input type=\"hidden\" name=\"referring_url\" value=\"\" \/><input type=\"hidden\" name=\"post_id\" value=\"\" \/><input type=\"hidden\" name=\"post_title\" value=\"\" \/><input type=\"hidden\" name=\"quform_current_page_id\" value=\"11\" \/><input type=\"hidden\" name=\"quform_csrf_token\" value=\"pNZlobkNjz8FbgVciiiQyfp8qHwxYuCAitsdMUSm\" \/><div class=\"quform-elements quform-elements-3 quform-cf quform-responsive-elements-phone-landscape\"><div class=\"quform-element quform-element-page quform-page-11 quform-page-3_11 quform-cf quform-group-style-plain quform-first-page quform-last-page quform-current-page\"><div class=\"quform-child-elements\"><div class=\"quform-element quform-element-group quform-element-3_9 quform-cf quform-group-style-plain\"><div class=\"quform-spacer\"><div class=\"quform-child-elements\"><div class=\"quform-element quform-element-row quform-element-row-3_12 quform-2-columns quform-element-row-size-fixed quform-responsive-columns-phone-landscape\"><div class=\"quform-element quform-element-column quform-element-3_13\"><div class=\"quform-element quform-element-text quform-element-3_1 quform-cf quform-labels-inside quform-element-required\"><div class=\"quform-spacer\"><div class=\"quform-label quform-label-3_1\"><label class=\"quform-label-text\" for=\"quform_3_1_adcb2a\">Vorname<span class=\"quform-required\">(erforderlich)<\/span><\/label><\/div><div class=\"quform-inner quform-inner-text quform-inner-3_1\"><div class=\"quform-input quform-input-text quform-input-3_1 quform-cf\"><input type=\"text\" id=\"quform_3_1_adcb2a\" name=\"quform_3_1\" class=\"quform-field quform-field-text quform-field-3_1\" \/><\/div><\/div><\/div><\/div><div class=\"quform-element quform-element-text quform-element-3_3 quform-cf quform-labels-inside quform-element-required\"><div class=\"quform-spacer\"><div class=\"quform-label quform-label-3_3\"><label class=\"quform-label-text\" for=\"quform_3_3_adcb2a\">Telefon<span class=\"quform-required\">(erforderlich)<\/span><\/label><\/div><div class=\"quform-inner quform-inner-text quform-inner-3_3\"><div class=\"quform-input quform-input-text quform-input-3_3 quform-cf\"><input type=\"text\" id=\"quform_3_3_adcb2a\" name=\"quform_3_3\" class=\"quform-field quform-field-text quform-field-3_3\" \/><\/div><\/div><\/div><\/div><\/div><div class=\"quform-element quform-element-column quform-element-3_14\"><div class=\"quform-element quform-element-text quform-element-3_2 quform-cf quform-labels-inside quform-element-required\"><div class=\"quform-spacer\"><div class=\"quform-label quform-label-3_2\"><label class=\"quform-label-text\" for=\"quform_3_2_adcb2a\">Nachname<span class=\"quform-required\">(erforderlich)<\/span><\/label><\/div><div class=\"quform-inner quform-inner-text quform-inner-3_2\"><div class=\"quform-input quform-input-text quform-input-3_2 quform-cf\"><input type=\"text\" id=\"quform_3_2_adcb2a\" name=\"quform_3_2\" class=\"quform-field quform-field-text quform-field-3_2\" \/><\/div><\/div><\/div><\/div><div class=\"quform-element quform-element-email quform-element-3_4 quform-cf quform-labels-inside quform-element-required\"><div class=\"quform-spacer\"><div class=\"quform-label quform-label-3_4\"><label class=\"quform-label-text\" for=\"quform_3_4_adcb2a\">Email<span class=\"quform-required\">(erforderlich)<\/span><\/label><\/div><div class=\"quform-inner quform-inner-email quform-inner-3_4\"><div class=\"quform-input quform-input-email quform-input-3_4 quform-cf\"><input type=\"email\" id=\"quform_3_4_adcb2a\" name=\"quform_3_4\" class=\"quform-field quform-field-email quform-field-3_4\" \/><\/div><\/div><\/div><\/div><\/div><\/div><\/div><\/div><\/div><div class=\"quform-element quform-element-radio quform-element-3_17 quform-cf quform-element-optional\"><div class=\"quform-spacer\"><div class=\"quform-label quform-label-3_17\"><label class=\"quform-label-text\" id=\"quform_3_17_adcb2a_label\">User<\/label><\/div><div class=\"quform-inner quform-inner-radio quform-inner-3_17\"><div class=\"quform-input quform-input-radio quform-input-3_17 quform-cf\"><div class=\"quform-options quform-cf quform-options-block quform-options-simple\" role=\"radiogroup\" aria-labelledby=\"quform_3_17_adcb2a_label\"><div class=\"quform-option\"><input type=\"radio\" name=\"quform_3_17\" id=\"quform_3_17_adcb2a_1\" class=\"quform-field quform-field-radio quform-field-3_17 quform-field-3_17_1\" value=\"Privat\" \/><label for=\"quform_3_17_adcb2a_1\" class=\"quform-option-label quform-option-label-3_17_1\"><span class=\"quform-option-text\">Privat<\/span><\/label><\/div><div class=\"quform-option\"><input type=\"radio\" name=\"quform_3_17\" id=\"quform_3_17_adcb2a_2\" class=\"quform-field quform-field-radio quform-field-3_17 quform-field-3_17_2\" value=\"Unternehmen\" \/><label for=\"quform_3_17_adcb2a_2\" class=\"quform-option-label quform-option-label-3_17_2\"><span class=\"quform-option-text\">Unternehmen<\/span><\/label><\/div><div class=\"quform-option\"><input type=\"radio\" name=\"quform_3_17\" id=\"quform_3_17_adcb2a_3\" class=\"quform-field quform-field-radio quform-field-3_17 quform-field-3_17_3\" value=\"\u00d6ffentliche Verwaltung\" \/><label for=\"quform_3_17_adcb2a_3\" class=\"quform-option-label quform-option-label-3_17_3\"><span class=\"quform-option-text\">\u00d6ffentliche Verwaltung<\/span><\/label><\/div><\/div><\/div><\/div><\/div><\/div><div class=\"quform-element quform-element-textarea quform-element-3_5 quform-cf quform-labels-inside quform-element-optional\"><div class=\"quform-spacer\"><div class=\"quform-label quform-label-3_5\"><label class=\"quform-label-text\" for=\"quform_3_5_adcb2a\">Nachricht<\/label><\/div><div class=\"quform-inner quform-inner-textarea quform-inner-3_5\"><div class=\"quform-input quform-input-textarea quform-input-3_5 quform-cf\"><textarea id=\"quform_3_5_adcb2a\" name=\"quform_3_5\" class=\"quform-field quform-field-textarea quform-field-3_5\"><\/textarea><\/div><\/div><\/div><\/div><div class=\"quform-element quform-element-checkbox quform-element-3_7 quform-cf quform-element-required\"><div class=\"quform-spacer\"><div class=\"quform-label quform-label-3_7\"><label class=\"quform-label-text\" id=\"quform_3_7_adcb2a_label\">Privacy<span class=\"quform-required\">(erforderlich)<\/span><\/label><\/div><div class=\"quform-inner quform-inner-checkbox quform-inner-3_7\"><div class=\"quform-input quform-input-checkbox quform-input-3_7 quform-cf\"><div class=\"quform-options quform-cf quform-options-block quform-options-simple\" role=\"group\" aria-labelledby=\"quform_3_7_adcb2a_label\"><div class=\"quform-option\"><input type=\"checkbox\" name=\"quform_3_7[]\" id=\"quform_3_7_adcb2a_1\" class=\"quform-field quform-field-checkbox quform-field-3_7 quform-field-3_7_1 color white\" value=\"Ich habe die Mitteilung zum Datenschutz gelesen und stimme der Verarbeitung meiner personenbezogenen Daten zu.\" \/><label for=\"quform_3_7_adcb2a_1\" class=\"quform-option-label quform-option-label-3_7_1\"><span class=\"quform-option-text\">Ich habe die Mitteilung zum Datenschutz gelesen und stimme der Verarbeitung meiner personenbezogenen Daten zu.<\/span><\/label><\/div><\/div><\/div><p class=\"quform-description quform-description-below\"><a href=\"\/de\/privacy-policy\" target=\"_blank\" rel=\"noopener\"><b>\"mehr lesen\"<\/b><\/a><\/p><\/div><\/div><\/div><div class=\"quform-element quform-element-recaptcha quform-element-3_18 quform-cf quform-element-required\"><div class=\"quform-spacer\"><div class=\"quform-label quform-label-3_18\"><label class=\"quform-label-text\">Sind Sie ein Mensch?<span class=\"quform-required\">(erforderlich)<\/span><\/label><\/div><div class=\"quform-inner quform-inner-recaptcha quform-inner-3_18\"><div class=\"quform-input quform-input-recaptcha quform-input-3_18 quform-cf\"><div class=\"quform-recaptcha\" data-config=\"{&quot;sitekey&quot;:&quot;6Len-esnAAAAAFlJyQFrec6C2v7gSOHcVVKTmpgQ&quot;,&quot;_version&quot;:&quot;v2&quot;,&quot;size&quot;:&quot;normal&quot;,&quot;type&quot;:&quot;image&quot;,&quot;theme&quot;:&quot;light&quot;,&quot;badge&quot;:&quot;bottomright&quot;}\"><\/div><noscript><div><div style=\"width: 302px; height: 422px; position: relative;\"><div style=\"width: 302px; height: 422px; position: absolute;\"><iframe src=\"https:\/\/www.google.com\/recaptcha\/api\/fallback?k=6Len-esnAAAAAFlJyQFrec6C2v7gSOHcVVKTmpgQ\" frameborder=\"0\" scrolling=\"no\" style=\"width: 302px; height:422px; border-style: none;\"><\/iframe><\/div><\/div><div style=\"width: 300px; height: 60px; border-style: none; bottom: 12px; left: 25px; margin: 0px; padding: 0px; right: 25px; background: #f9f9f9; border: 1px solid #c1c1c1; border-radius: 3px;\"><textarea name=\"g-recaptcha-response\" class=\"g-recaptcha-response\" style=\"width: 250px; height: 40px; border: 1px solid #c1c1c1; margin: 10px 25px; padding: 0px; resize: none;\"><\/textarea><\/div><\/div><\/noscript><\/div><\/div><\/div><\/div><div class=\"quform-element quform-element-submit quform-element-3_15 quform-cf quform-button-style-theme\"><div class=\"quform-button-submit quform-button-submit-default quform-button-submit-3_15\"><button name=\"quform_submit\" type=\"submit\" class=\"quform-submit\" value=\"submit\"><span class=\"quform-button-text quform-button-submit-text\">SENDEN<\/span><\/button><\/div><div class=\"quform-loading quform-loading-position-left quform-loading-type-spinner-1\"><div class=\"quform-loading-inner\"><div class=\"quform-loading-spinner\"><div class=\"quform-loading-spinner-inner\"><\/div><\/div><\/div><\/div><\/div><div class=\"quform-element-tree\"><label for=\"quform_3_0_adcb2a\">Dieses Feld sollte nicht ausgef\u00fcllt werden<\/label><input type=\"text\" id=\"quform_3_0_adcb2a\" name=\"quform_3_0\" class=\"quform-field quform-field-tree quform-field-3_0\" tabindex=\"-1\" autocomplete=\"off\" \/><\/div><\/div><\/div><\/div><\/div><\/form><\/div>\n<\/div><\/div><\/div><\/div><\/div>\n","protected":false},"excerpt":{"rendered":"","protected":false},"author":1,"featured_media":0,"parent":0,"menu_order":0,"comment_status":"closed","ping_status":"closed","template":"","meta":[],"_links":{"self":[{"href":"https:\/\/www.elettrospeed.eu\/de\/wp-json\/wp\/v2\/pages\/85"}],"collection":[{"href":"https:\/\/www.elettrospeed.eu\/de\/wp-json\/wp\/v2\/pages"}],"about":[{"href":"https:\/\/www.elettrospeed.eu\/de\/wp-json\/wp\/v2\/types\/page"}],"author":[{"embeddable":true,"href":"https:\/\/www.elettrospeed.eu\/de\/wp-json\/wp\/v2\/users\/1"}],"replies":[{"embeddable":true,"href":"https:\/\/www.elettrospeed.eu\/de\/wp-json\/wp\/v2\/comments?post=85"}],"version-history":[{"count":6,"href":"https:\/\/www.elettrospeed.eu\/de\/wp-json\/wp\/v2\/pages\/85\/revisions"}],"predecessor-version":[{"id":106,"href":"https:\/\/www.elettrospeed.eu\/de\/wp-json\/wp\/v2\/pages\/85\/revisions\/106"}],"wp:attachment":[{"href":"https:\/\/www.elettrospeed.eu\/de\/wp-json\/wp\/v2\/media?parent=85"}],"curies":[{"name":"wp","href":"https:\/\/api.w.org\/{rel}","templated":true}]}}